{"id":3940,"date":"2022-10-17T14:55:34","date_gmt":"2022-10-17T06:55:34","guid":{"rendered":"https:\/\/www.lct.k12.edu.mo\/lct\/?page_id=3940"},"modified":"2025-02-17T15:47:25","modified_gmt":"2025-02-17T07:47:25","slug":"%e5%ae%b6%e5%8d%94%e6%9c%83","status":"publish","type":"page","link":"https:\/\/www.lct.k12.edu.mo\/lct\/?page_id=3940","title":{"rendered":"\u6c39\u4ed4\u4e2d\u8461\u5bb6\u6821\u6703 ACDREPELCT"},"content":{"rendered":"\n<div class=\"wp-block-image\"><figure class=\"aligncenter is-resized\"><img decoding=\"async\" loading=\"lazy\" src=\"https:\/\/www.lct.k12.edu.mo\/lct\/wp-content\/uploads\/2023\/01\/PTA.jpg\" alt=\"\" class=\"wp-image-4846\" width=\"173\" height=\"194\"\/><\/figure><\/div>\n\n\n\n<h3 class=\"content-title wp-block-heading\"><strong>\u672c\u6703\u7c21\u4ecb<\/strong><\/h3>\n\n\n\n<p><strong>\u300c\u6c39\u4ed4\u4e2d\u8461\u5b78\u6821\u5bb6\u6821\u5354\u9032\u6703\u300d<\/strong>\u70ba\u4e2d\u6587\u540d\u7a31\uff0c\u7c21\u7a31\u300c\u6c39\u4ed4\u4e2d\u8461\u5bb6\u6821\u6703\u300d\u3002<br><\/p>\n\n\n\n<p>\u8461\u6587\u540d\u7a31\u70ba<strong>\u201cAssocia\u00e7\u00e3o para a Colabora\u00e7\u00e3o e Desenvolvimento da Rela\u00e7\u00e3o entre a Escola e os Pais e da Escola Luso-Chinesa da Taipa\u201d<\/strong>\uff0c\u7c21\u7a31\u201cACDREPELCT\u201d\u3002 <\/p>\n\n\n\n<hr class=\"wp-block-separator is-style-wide\"\/>\n\n\n\n<h3 class=\"content-title wp-block-heading\"><strong>\u76ee\u6a19<\/strong><\/h3>\n\n\n\n<p class=\"has-regular-font-size\">\u5718\u7d50\u5bb6\u9577\u4ee5\u5171\u540c\u627f\u64d4\u6559\u80b2\u5b69\u5b50\u7684\u8cac\u4efb<br>\u767c\u63ee\u5bb6\u9577\u7684\u80fd\u529b\uff0c\u4f7f\u4e4b\u8207\u5b78\u6821\u651c\u624b\u5408\u4f5c\uff0c\u70ba\u5b69\u5b50\u5275\u9020\u66f4\u5065\u5eb7\u3001\u66f4\u548c\u8ae7\u7684\u660e\u5929<\/p>\n\n\n\n<div style=\"height:30px\" aria-hidden=\"true\" class=\"wp-block-spacer\"><\/div>\n\n\n\n<h3 class=\"content-title wp-block-heading\"><strong>\u5b97\u65e8<\/strong><\/h3>\n\n\n\n<p class=\"has-regular-font-size\"> \u672c\u6703\u7684<strong>\u5b97\u65e8<\/strong>\u4ee5\u589e\u9032\u5bb6\u9577\u5718\u7d50\u4e92\u52a9\u3001\u52a0\u5f37\u5bb6\u9577\u8207\u5b78\u6821\u7684\u806f\u7e6b\u3001\u5354\u52a9\u5b78\u6821\u958b\u5c55\u6559\u80b2\u6d3b\u52d5\u53ca\u7c4c\u6b3e\u6d3b\u52d5\uff1b<br>\u5c0d\u5b78\u6821\u7684\u6559\u80b2\u74b0\u5883\u3001\u6559\u80b2\u898f\u5283\u3001\u6559\u80b2\u7ba1\u7406\u3001\u6559\u80b2\u7d44\u7e54\u63d0\u51fa\u610f\u898b\u53ca\u5efa\u8b70 \uff1b<br>\u7dad\u8b77\u5bb6\u9577\u3001\u5b78\u751f\u3001\u6559\u5e2b\u548c\u8077\u54e1\u7684\u5408\u7406\u6b0a\u76ca\u3002 <\/p>\n\n\n\n<div style=\"height:30px\" aria-hidden=\"true\" class=\"wp-block-spacer\"><\/div>\n\n\n\n<h3 class=\"content-title wp-block-heading\"><strong>\u6210\u7acb\u65e5\u671f<\/strong><\/h3>\n\n\n\n<p>2002\u5e749\u670825\u65e5<\/p>\n\n\n\n<div style=\"height:30px\" aria-hidden=\"true\" class=\"wp-block-spacer\"><\/div>\n\n\n\n<h3 class=\"content-title wp-block-heading\"><strong>\u6703\u54e1\u6b0a\u5229<\/strong><\/h3>\n\n\n\n<p>\u53c3\u52a0\u6703\u54e1\u5927\u6703\uff0c\u6709\u767c\u8a00\u6b0a\u53ca\u8868\u6c7a\u6b0a<br>\u6709\u9078\u8209\u53ca\u88ab\u9078\u8209\u6b0a<br>\u53c3\u52a0\u5bb6\u9577\u6703\u6d3b\u52d5\uff0c\u4eab\u6709\u6703\u54e1\u798f\u5229\u53ca\u6b0a\u76ca<\/p>\n\n\n\n<div style=\"height:30px\" aria-hidden=\"true\" class=\"wp-block-spacer\"><\/div>\n\n\n\n<h3 class=\"content-title wp-block-heading\"><strong>\u6703\u54e1\u7fa9\u52d9<\/strong><\/h3>\n\n\n\n<p>\u9075\u5b88\u5bb6\u9577\u6703\u6703\u7ae0\u53ca\u6c7a\u8b70<br>\u53c3\u8207\u6703\u54e1\u5927\u6703\u53ca\u5404\u9805\u6d3b\u52d5<br>\u7dad\u8b77\u5bb6\u9577\u6703\u8072\u8b7d\u53ca\u6b0a\u76ca<\/p>\n\n\n\n<div style=\"height:30px\" aria-hidden=\"true\" class=\"wp-block-spacer\"><\/div>\n\n\n\n<h3 class=\"wp-block-heading\"><strong>\u5176\u4ed6\u8cc7\u6599<\/strong><\/h3>\n\n\n\n<div class=\"wp-block-file aligncenter\"><a href=\"https:\/\/www.lct.k12.edu.mo\/lct\/wp-content\/uploads\/2025\/02\/2425\u8ca1\u653f_\u66f4\u65b0\u81f32\u6708.pdf\">2024\u5e74\u81f32025\u5e74\u5bb6\u5354\u6703\u6536\u652f\u7e3d\u8868(\u66f4\u65b0\u81f32025\u5e742\u67087\u65e5)<\/a><\/div>\n\n\n\n<div class=\"wp-block-file aligncenter\"><a href=\"https:\/\/www.lct.k12.edu.mo\/lct\/wp-content\/uploads\/2025\/02\/\u6c39\u4ed4\u4e2d\u8461\u5b78\u6821\u5bb6\u6821\u5354\u9032\u6703\u540d\u55ae.pdf\" target=\"_blank\" rel=\"noreferrer noopener\">\u6c39\u4ed4\u4e2d\u8461\u5b78\u6821\u5bb6\u6821\u5354\u9032\u6703\u540d\u55ae<\/a><\/div>\n","protected":false},"excerpt":{"rendered":"<p>\u672c\u6703\u7c21\u4ecb \u300c\u6c39\u4ed4\u4e2d\u8461\u5b78\u6821\u5bb6\u6821\u5354\u9032\u6703\u300d\u70ba\u4e2d\u6587\u540d\u7a31\uff0c\u7c21\u7a31\u300c\u6c39\u4ed4\u4e2d\u8461\u5bb6\u6821\u6703\u300d\u3002 \u8461\u6587\u540d\u7a31\u70ba\u201cAssocia\u00e7\u00e3o p [&hellip;]<\/p>\n","protected":false},"author":1,"featured_media":0,"parent":0,"menu_order":0,"comment_status":"closed","ping_status":"closed","template":"","meta":{"footnotes":""},"_links":{"self":[{"href":"https:\/\/www.lct.k12.edu.mo\/lct\/index.php?rest_route=\/wp\/v2\/pages\/3940"}],"collection":[{"href":"https:\/\/www.lct.k12.edu.mo\/lct\/index.php?rest_route=\/wp\/v2\/pages"}],"about":[{"href":"https:\/\/www.lct.k12.edu.mo\/lct\/index.php?rest_route=\/wp\/v2\/types\/page"}],"author":[{"embeddable":true,"href":"https:\/\/www.lct.k12.edu.mo\/lct\/index.php?rest_route=\/wp\/v2\/users\/1"}],"replies":[{"embeddable":true,"href":"https:\/\/www.lct.k12.edu.mo\/lct\/index.php?rest_route=%2Fwp%2Fv2%2Fcomments&post=3940"}],"version-history":[{"count":17,"href":"https:\/\/www.lct.k12.edu.mo\/lct\/index.php?rest_route=\/wp\/v2\/pages\/3940\/revisions"}],"predecessor-version":[{"id":6140,"href":"https:\/\/www.lct.k12.edu.mo\/lct\/index.php?rest_route=\/wp\/v2\/pages\/3940\/revisions\/6140"}],"wp:attachment":[{"href":"https:\/\/www.lct.k12.edu.mo\/lct\/index.php?rest_route=%2Fwp%2Fv2%2Fmedia&parent=3940"}],"curies":[{"name":"wp","href":"https:\/\/api.w.org\/{rel}","templated":true}]}}